{"id":717,"date":"2020-12-16T08:31:14","date_gmt":"2020-12-16T11:31:14","guid":{"rendered":"http:\/\/localhost\/chronepigen\/prevention\/"},"modified":"2023-01-23T22:44:40","modified_gmt":"2023-01-24T01:44:40","slug":"eritropoietina","status":"publish","type":"page","link":"https:\/\/www.chronepigen.com.br\/?page_id=717","title":{"rendered":"Eritropoietina"},"content":{"rendered":"\t\t<div data-elementor-type=\"wp-page\" data-elementor-id=\"717\" class=\"elementor elementor-717\">\n\t\t\t\t\t\t\t\t\t<section class=\"elementor-section elementor-top-section elementor-element elementor-element-88c5fad elementor-section-full_width elementor-section-height-default elementor-section-height-default\" data-id=\"88c5fad\" data-element_type=\"section\" data-settings=\"{&quot;background_background&quot;:&quot;classic&quot;}\" data-e-bg-lazyload=\"\">\n\t\t\t\t\t\t<div class=\"elementor-container elementor-column-gap-default\">\n\t\t\t\t\t<div class=\"elementor-column elementor-col-100 elementor-top-column elementor-element elementor-element-3d38697\" data-id=\"3d38697\" data-element_type=\"column\">\n\t\t\t<div class=\"elementor-widget-wrap elementor-element-populated\">\n\t\t\t\t\t\t\t\t<section class=\"elementor-section elementor-inner-section elementor-element elementor-element-9ef7ae2 elementor-section-boxed elementor-section-height-default elementor-section-height-default\" data-id=\"9ef7ae2\" data-element_type=\"section\">\n\t\t\t\t\t\t<div class=\"elementor-container elementor-column-gap-default\">\n\t\t\t\t\t<div class=\"elementor-column elementor-col-100 elementor-inner-column elementor-element elementor-element-afda83c\" data-id=\"afda83c\" data-element_type=\"column\">\n\t\t\t<div class=\"elementor-widget-wrap elementor-element-populated\">\n\t\t\t\t\t\t\t\t<div class=\"elementor-element elementor-element-039e0bf elementor-widget elementor-widget-heading\" data-id=\"039e0bf\" data-element_type=\"widget\" data-widget_type=\"heading.default\">\n\t\t\t\t<div class=\"elementor-widget-container\">\n\t\t\t<style>\/*! elementor - v3.10.1 - 17-01-2023 *\/\n.elementor-heading-title{padding:0;margin:0;line-height:1}.elementor-widget-heading .elementor-heading-title[class*=elementor-size-]>a{color:inherit;font-size:inherit;line-height:inherit}.elementor-widget-heading .elementor-heading-title.elementor-size-small{font-size:15px}.elementor-widget-heading .elementor-heading-title.elementor-size-medium{font-size:19px}.elementor-widget-heading .elementor-heading-title.elementor-size-large{font-size:29px}.elementor-widget-heading .elementor-heading-title.elementor-size-xl{font-size:39px}.elementor-widget-heading .elementor-heading-title.elementor-size-xxl{font-size:59px}<\/style><h2 class=\"elementor-heading-title elementor-size-default\">eRITROPOIETINA <\/h2>\t\t<\/div>\n\t\t\t\t<\/div>\n\t\t\t\t\t<\/div>\n\t\t<\/div>\n\t\t\t\t\t\t\t<\/div>\n\t\t<\/section>\n\t\t\t\t<section class=\"elementor-section elementor-inner-section elementor-element elementor-element-d2541a4 elementor-section-boxed elementor-section-height-default elementor-section-height-default\" data-id=\"d2541a4\" data-element_type=\"section\">\n\t\t\t\t\t\t<div class=\"elementor-container elementor-column-gap-default\">\n\t\t\t\t\t<div class=\"elementor-column elementor-col-50 elementor-inner-column elementor-element elementor-element-7142566\" data-id=\"7142566\" data-element_type=\"column\">\n\t\t\t<div class=\"elementor-widget-wrap elementor-element-populated\">\n\t\t\t\t\t\t\t\t<div class=\"elementor-element elementor-element-96002f8 elementor-widget elementor-widget-image\" data-id=\"96002f8\" data-element_type=\"widget\" data-widget_type=\"image.default\">\n\t\t\t\t<div class=\"elementor-widget-container\">\n\t\t\t<style>\/*! elementor - v3.10.1 - 17-01-2023 *\/\n.elementor-widget-image{text-align:center}.elementor-widget-image a{display:inline-block}.elementor-widget-image a img[src$=\".svg\"]{width:48px}.elementor-widget-image img{vertical-align:middle;display:inline-block}<\/style>\t\t\t\t\t\t\t\t\t\t\t\t<img loading=\"lazy\" decoding=\"async\" width=\"768\" height=\"339\" src=\"https:\/\/www.chronepigen.com.br\/wp-content\/uploads\/2023\/01\/EPO-2000.gif\" class=\"attachment-medium_large size-medium_large wp-image-1464\" alt=\"\" \/>\t\t\t\t\t\t\t\t\t\t\t\t\t\t\t<\/div>\n\t\t\t\t<\/div>\n\t\t\t\t\t<\/div>\n\t\t<\/div>\n\t\t\t\t<div class=\"elementor-column elementor-col-50 elementor-inner-column elementor-element elementor-element-61ad01d\" data-id=\"61ad01d\" data-element_type=\"column\">\n\t\t\t<div class=\"elementor-widget-wrap elementor-element-populated\">\n\t\t\t\t\t\t\t\t<div class=\"elementor-element elementor-element-0a2de76 elementor-widget elementor-widget-text-editor\" data-id=\"0a2de76\" data-element_type=\"widget\" data-widget_type=\"text-editor.default\">\n\t\t\t\t<div class=\"elementor-widget-container\">\n\t\t\t<style>\/*! elementor - v3.10.1 - 17-01-2023 *\/\n.elementor-widget-text-editor.elementor-drop-cap-view-stacked .elementor-drop-cap{background-color:#818a91;color:#fff}.elementor-widget-text-editor.elementor-drop-cap-view-framed .elementor-drop-cap{color:#818a91;border:3px solid;background-color:transparent}.elementor-widget-text-editor:not(.elementor-drop-cap-view-default) .elementor-drop-cap{margin-top:8px}.elementor-widget-text-editor:not(.elementor-drop-cap-view-default) .elementor-drop-cap-letter{width:1em;height:1em}.elementor-widget-text-editor .elementor-drop-cap{float:left;text-align:center;line-height:1;font-size:50px}.elementor-widget-text-editor .elementor-drop-cap-letter{display:inline-block}<\/style>\t\t\t\t<h6><strong>MARCA \/ NOME COMERCIAL: ERITROPOIETINA<\/strong><\/h6><h6><strong>PRINCIPIO ATIVO\/ DOSAGEM \u2013 ALFAEPOETINA 2.000UI<\/strong><\/h6><h6><strong>FORMA FARMAC\u00caUTICA: SOLU\u00c7\u00c3O INJET\u00c1VEL<\/strong><\/h6><h6><strong>N\u00daMERO DO REGISTRO DO MEDICAMENTO NA ANVISA: 1.5625.0002.0059<\/strong><\/h6>\t\t\t\t\t\t<\/div>\n\t\t\t\t<\/div>\n\t\t\t\t\t<\/div>\n\t\t<\/div>\n\t\t\t\t\t\t\t<\/div>\n\t\t<\/section>\n\t\t\t\t<section class=\"elementor-section elementor-inner-section elementor-element elementor-element-8a463ad elementor-section-boxed elementor-section-height-default elementor-section-height-default\" data-id=\"8a463ad\" data-element_type=\"section\">\n\t\t\t\t\t\t<div class=\"elementor-container elementor-column-gap-default\">\n\t\t\t\t\t<div class=\"elementor-column elementor-col-50 elementor-inner-column elementor-element elementor-element-f1186ea\" data-id=\"f1186ea\" data-element_type=\"column\">\n\t\t\t<div class=\"elementor-widget-wrap elementor-element-populated\">\n\t\t\t\t\t\t\t\t<div class=\"elementor-element elementor-element-b2e03a2 elementor-widget elementor-widget-image\" data-id=\"b2e03a2\" data-element_type=\"widget\" data-widget_type=\"image.default\">\n\t\t\t\t<div class=\"elementor-widget-container\">\n\t\t\t\t\t\t\t\t\t\t\t\t\t\t\t<img loading=\"lazy\" decoding=\"async\" width=\"768\" height=\"339\" src=\"https:\/\/www.chronepigen.com.br\/wp-content\/uploads\/2023\/01\/EPO-3000.gif\" class=\"attachment-medium_large size-medium_large wp-image-1465\" alt=\"\" \/>\t\t\t\t\t\t\t\t\t\t\t\t\t\t\t<\/div>\n\t\t\t\t<\/div>\n\t\t\t\t\t<\/div>\n\t\t<\/div>\n\t\t\t\t<div class=\"elementor-column elementor-col-50 elementor-inner-column elementor-element elementor-element-38ad560\" data-id=\"38ad560\" data-element_type=\"column\">\n\t\t\t<div class=\"elementor-widget-wrap elementor-element-populated\">\n\t\t\t\t\t\t\t\t<div class=\"elementor-element elementor-element-ee9e7d1 elementor-widget elementor-widget-text-editor\" data-id=\"ee9e7d1\" data-element_type=\"widget\" data-widget_type=\"text-editor.default\">\n\t\t\t\t<div class=\"elementor-widget-container\">\n\t\t\t\t\t\t\t<h6><strong>MARCA \/ NOME COMERCIAL: ERITROPOIETINA<\/strong><\/h6><h6><strong>PRINCIPIO ATIVO\/ DOSAGEM \u2013 ALFAEPOETINA 3.000UI<\/strong><\/h6><h6><strong>FORMA FARMAC\u00caUTICA: SOLU\u00c7\u00c3O INJET\u00c1VEL<\/strong><\/h6><h6><strong>N\u00daMERO DO REGISTRO DO MEDICAMENTO NA ANVISA: 1.5625.0002.0083<\/strong><\/h6>\t\t\t\t\t\t<\/div>\n\t\t\t\t<\/div>\n\t\t\t\t\t<\/div>\n\t\t<\/div>\n\t\t\t\t\t\t\t<\/div>\n\t\t<\/section>\n\t\t\t\t<section class=\"elementor-section elementor-inner-section elementor-element elementor-element-69f0abe elementor-section-boxed elementor-section-height-default elementor-section-height-default\" data-id=\"69f0abe\" data-element_type=\"section\">\n\t\t\t\t\t\t<div class=\"elementor-container elementor-column-gap-default\">\n\t\t\t\t\t<div class=\"elementor-column elementor-col-50 elementor-inner-column elementor-element elementor-element-d0d0da0\" data-id=\"d0d0da0\" data-element_type=\"column\">\n\t\t\t<div class=\"elementor-widget-wrap elementor-element-populated\">\n\t\t\t\t\t\t\t\t<div class=\"elementor-element elementor-element-38ba3d7 elementor-widget elementor-widget-image\" data-id=\"38ba3d7\" data-element_type=\"widget\" data-widget_type=\"image.default\">\n\t\t\t\t<div class=\"elementor-widget-container\">\n\t\t\t\t\t\t\t\t\t\t\t\t\t\t\t<img loading=\"lazy\" decoding=\"async\" width=\"768\" height=\"339\" src=\"https:\/\/www.chronepigen.com.br\/wp-content\/uploads\/2023\/01\/EPO-4000.gif\" class=\"attachment-medium_large size-medium_large wp-image-1466\" alt=\"\" \/>\t\t\t\t\t\t\t\t\t\t\t\t\t\t\t<\/div>\n\t\t\t\t<\/div>\n\t\t\t\t\t<\/div>\n\t\t<\/div>\n\t\t\t\t<div class=\"elementor-column elementor-col-50 elementor-inner-column elementor-element elementor-element-fc07f3e\" data-id=\"fc07f3e\" data-element_type=\"column\">\n\t\t\t<div class=\"elementor-widget-wrap elementor-element-populated\">\n\t\t\t\t\t\t\t\t<div class=\"elementor-element elementor-element-a8fee4a elementor-widget elementor-widget-text-editor\" data-id=\"a8fee4a\" data-element_type=\"widget\" data-widget_type=\"text-editor.default\">\n\t\t\t\t<div class=\"elementor-widget-container\">\n\t\t\t\t\t\t\t<h6><strong>MARCA \/ NOME COMERCIAL: ERITROPOIETINA<\/strong><\/h6><h6><strong>PRINCIPIO ATIVO\/ DOSAGEM \u2013 ALFAEPOETINA 4.000UI<\/strong><\/h6><h6><strong>FORMA FARMAC\u00caUTICA: SOLU\u00c7\u00c3O INJET\u00c1VEL<\/strong><\/h6><h6><strong>N\u00daMERO DO REGISTRO DO MEDICAMENTO NA ANVISA: 1.5625.0002.0121<\/strong><\/h6>\t\t\t\t\t\t<\/div>\n\t\t\t\t<\/div>\n\t\t\t\t\t<\/div>\n\t\t<\/div>\n\t\t\t\t\t\t\t<\/div>\n\t\t<\/section>\n\t\t\t\t<section class=\"elementor-section elementor-inner-section elementor-element elementor-element-a822523 elementor-section-boxed elementor-section-height-default elementor-section-height-default\" data-id=\"a822523\" data-element_type=\"section\">\n\t\t\t\t\t\t<div class=\"elementor-container elementor-column-gap-default\">\n\t\t\t\t\t<div class=\"elementor-column elementor-col-50 elementor-inner-column elementor-element elementor-element-4b66f95\" data-id=\"4b66f95\" data-element_type=\"column\">\n\t\t\t<div class=\"elementor-widget-wrap elementor-element-populated\">\n\t\t\t\t\t\t\t\t<div class=\"elementor-element elementor-element-254d3e8 elementor-widget elementor-widget-image\" data-id=\"254d3e8\" data-element_type=\"widget\" data-widget_type=\"image.default\">\n\t\t\t\t<div class=\"elementor-widget-container\">\n\t\t\t\t\t\t\t\t\t\t\t\t\t\t\t<img loading=\"lazy\" decoding=\"async\" width=\"768\" height=\"339\" src=\"https:\/\/www.chronepigen.com.br\/wp-content\/uploads\/2023\/01\/EPO-10000.gif\" class=\"attachment-medium_large size-medium_large wp-image-1467\" alt=\"\" \/>\t\t\t\t\t\t\t\t\t\t\t\t\t\t\t<\/div>\n\t\t\t\t<\/div>\n\t\t\t\t\t<\/div>\n\t\t<\/div>\n\t\t\t\t<div class=\"elementor-column elementor-col-50 elementor-inner-column elementor-element elementor-element-41d47c8\" data-id=\"41d47c8\" data-element_type=\"column\">\n\t\t\t<div class=\"elementor-widget-wrap elementor-element-populated\">\n\t\t\t\t\t\t\t\t<div class=\"elementor-element elementor-element-b69bc2b elementor-widget elementor-widget-text-editor\" data-id=\"b69bc2b\" data-element_type=\"widget\" data-widget_type=\"text-editor.default\">\n\t\t\t\t<div class=\"elementor-widget-container\">\n\t\t\t\t\t\t\t<h6><strong>MARCA \/ NOME COMERCIAL: ERITROPOIETINA<\/strong><\/h6><h6><strong>PRINCIPIO ATIVO\/ DOSAGEM \u2013 ALFAEPOETINA 10.000UI<\/strong><\/h6><h6><strong>FORMA FARMAC\u00caUTICA: SOLU\u00c7\u00c3O INJET\u00c1VEL<\/strong><\/h6><h6><strong>N\u00daMERO DO REGISTRO DO MEDICAMENTO NA ANVISA: 1.5625.0002.016-4<\/strong><\/h6><p>\u00a0<\/p>\t\t\t\t\t\t<\/div>\n\t\t\t\t<\/div>\n\t\t\t\t\t<\/div>\n\t\t<\/div>\n\t\t\t\t\t\t\t<\/div>\n\t\t<\/section>\n\t\t\t\t\t<\/div>\n\t\t<\/div>\n\t\t\t\t\t\t\t<\/div>\n\t\t<\/section>\n\t\t\t\t\t\t\t<\/div>\n\t\t","protected":false},"excerpt":{"rendered":"<p>eRITROPOIETINA MARCA \/ NOME COMERCIAL: ERITROPOIETINA PRINCIPIO ATIVO\/ DOSAGEM \u2013 ALFAEPOETINA 2.000UI FORMA FARMAC\u00caUTICA: SOLU\u00c7\u00c3O INJET\u00c1VEL N\u00daMERO DO REGISTRO DO MEDICAMENTO NA ANVISA: 1.5625.0002.0059 MARCA \/ NOME COMERCIAL: ERITROPOIETINA PRINCIPIO ATIVO\/ DOSAGEM \u2013 ALFAEPOETINA 3.000UI FORMA FARMAC\u00caUTICA: SOLU\u00c7\u00c3O INJET\u00c1VEL N\u00daMERO DO REGISTRO DO MEDICAMENTO NA ANVISA: 1.5625.0002.0083 MARCA \/ NOME COMERCIAL: ERITROPOIETINA PRINCIPIO ATIVO\/ DOSAGEM&hellip;&nbsp;<a href=\"https:\/\/www.chronepigen.com.br\/?page_id=717\" class=\"\" rel=\"bookmark\">Continue a ler &raquo;<span class=\"screen-reader-text\">Eritropoietina<\/span><\/a><\/p>\n","protected":false},"author":1,"featured_media":0,"parent":442,"menu_order":0,"comment_status":"closed","ping_status":"closed","template":"page-templates\/template-pagebuilder-full-width.php","meta":{"neve_meta_sidebar":"","neve_meta_container":"","neve_meta_enable_content_width":"","neve_meta_content_width":0,"neve_meta_title_alignment":"","neve_meta_author_avatar":"","neve_post_elements_order":"","neve_meta_disable_header":"","neve_meta_disable_footer":"","neve_meta_disable_title":"","footnotes":""},"class_list":["post-717","page","type-page","status-publish","hentry"],"_links":{"self":[{"href":"https:\/\/www.chronepigen.com.br\/index.php?rest_route=\/wp\/v2\/pages\/717","targetHints":{"allow":["GET"]}}],"collection":[{"href":"https:\/\/www.chronepigen.com.br\/index.php?rest_route=\/wp\/v2\/pages"}],"about":[{"href":"https:\/\/www.chronepigen.com.br\/index.php?rest_route=\/wp\/v2\/types\/page"}],"author":[{"embeddable":true,"href":"https:\/\/www.chronepigen.com.br\/index.php?rest_route=\/wp\/v2\/users\/1"}],"replies":[{"embeddable":true,"href":"https:\/\/www.chronepigen.com.br\/index.php?rest_route=%2Fwp%2Fv2%2Fcomments&post=717"}],"version-history":[{"count":23,"href":"https:\/\/www.chronepigen.com.br\/index.php?rest_route=\/wp\/v2\/pages\/717\/revisions"}],"predecessor-version":[{"id":1608,"href":"https:\/\/www.chronepigen.com.br\/index.php?rest_route=\/wp\/v2\/pages\/717\/revisions\/1608"}],"up":[{"embeddable":true,"href":"https:\/\/www.chronepigen.com.br\/index.php?rest_route=\/wp\/v2\/pages\/442"}],"wp:attachment":[{"href":"https:\/\/www.chronepigen.com.br\/index.php?rest_route=%2Fwp%2Fv2%2Fmedia&parent=717"}],"curies":[{"name":"wp","href":"https:\/\/api.w.org\/{rel}","templated":true}]}}